{"id":34057,"date":"2022-01-27T04:18:38","date_gmt":"2022-01-27T04:18:38","guid":{"rendered":"https:\/\/asiquedolapaginaweb.xyz\/?post_type=product&#038;p=34057"},"modified":"2023-04-24T20:23:04","modified_gmt":"2023-04-24T20:23:04","slug":"bota-plana-patriz","status":"publish","type":"product","link":"https:\/\/imperios.com.co\/index.php\/producto\/bota-plana-patriz\/","title":{"rendered":"Bota Plana Patriz"},"content":{"rendered":"","protected":false},"excerpt":{"rendered":"<div class=\"m_-8689084059839636012gmail-_50f7 m_-8689084059839636012gmail-_2iem\">\n<div class=\"m_-8689084059839636012gmail-_50f7 m_-8689084059839636012gmail-_2iem\">\n<div class=\"m_-8689084059839636012gmail-_50f7 m_-8689084059839636012gmail-_2iem\">\n<div class=\"m_-8689084059839636012gmail-_50f7 m_-8689084059839636012gmail-_2iem\"><strong>Bota natural, b\u00e1sica, con altura de la ca\u00f1a media, para cualquier tipo de mujer, que desee algo m\u00e1s que un bot\u00edn, pero menos que una bota larga.<\/strong><\/div>\n<div class=\"m_-8689084059839636012gmail-_50f7 m_-8689084059839636012gmail-_2iem\">\n<div><\/div>\n<div class=\"m_-8689084059839636012gmail-_50f7 m_-8689084059839636012gmail-_2iem\">Hecho Cuero liso (napa), hebilla en el tobillo y en la parte superior de la ca\u00f1a, suela inyectada, doble costura, media ca\u00f1a. Altura de tac\u00f3n de 3,5 cms.<\/div>\n<\/div>\n<\/div>\n<\/div>\n<\/div>\n","protected":false},"featured_media":34060,"comment_status":"closed","ping_status":"closed","template":"","meta":[],"product_cat":[165],"product_tag":[],"class_list":{"0":"post-34057","1":"product","2":"type-product","3":"status-publish","4":"has-post-thumbnail","6":"product_cat-botas-largas","8":"first","9":"instock","10":"shipping-taxable","11":"purchasable","12":"product-type-variable","13":"has-default-attributes"},"jetpack_sharing_enabled":true,"_links":{"self":[{"href":"https:\/\/imperios.com.co\/index.php\/wp-json\/wp\/v2\/product\/34057","targetHints":{"allow":["GET"]}}],"collection":[{"href":"https:\/\/imperios.com.co\/index.php\/wp-json\/wp\/v2\/product"}],"about":[{"href":"https:\/\/imperios.com.co\/index.php\/wp-json\/wp\/v2\/types\/product"}],"replies":[{"embeddable":true,"href":"https:\/\/imperios.com.co\/index.php\/wp-json\/wp\/v2\/comments?post=34057"}],"version-history":[{"count":2,"href":"https:\/\/imperios.com.co\/index.php\/wp-json\/wp\/v2\/product\/34057\/revisions"}],"predecessor-version":[{"id":35417,"href":"https:\/\/imperios.com.co\/index.php\/wp-json\/wp\/v2\/product\/34057\/revisions\/35417"}],"wp:featuredmedia":[{"embeddable":true,"href":"https:\/\/imperios.com.co\/index.php\/wp-json\/wp\/v2\/media\/34060"}],"wp:attachment":[{"href":"https:\/\/imperios.com.co\/index.php\/wp-json\/wp\/v2\/media?parent=34057"}],"wp:term":[{"taxonomy":"product_cat","embeddable":true,"href":"https:\/\/imperios.com.co\/index.php\/wp-json\/wp\/v2\/product_cat?post=34057"},{"taxonomy":"product_tag","embeddable":true,"href":"https:\/\/imperios.com.co\/index.php\/wp-json\/wp\/v2\/product_tag?post=34057"}],"curies":[{"name":"wp","href":"https:\/\/api.w.org\/{rel}","templated":true}]}}