{"id":35458,"date":"2023-02-24T21:12:32","date_gmt":"2023-02-24T21:12:32","guid":{"rendered":"https:\/\/imperios.com.co\/?post_type=product&#038;p=35458"},"modified":"2023-12-04T04:07:55","modified_gmt":"2023-12-04T04:07:55","slug":"botin-renata-marron","status":"publish","type":"product","link":"https:\/\/imperios.com.co\/index.php\/producto\/botin-renata-marron\/","title":{"rendered":"Bot\u00edn Renata Marr\u00f3n"},"content":{"rendered":"<p>Bot\u00edn Renata Marr\u00f3n<\/p>\n","protected":false},"excerpt":{"rendered":"<div class=\"m_-8689084059839636012gmail-_50f7 m_-8689084059839636012gmail-_2iem\">\n<div class=\"m_-8689084059839636012gmail-_50f7 m_-8689084059839636012gmail-_2iem\">\n<div class=\"m_-8689084059839636012gmail-_50f7 m_-8689084059839636012gmail-_2iem\">\n<div class=\"m_-8689084059839636012gmail-_50f7 m_-8689084059839636012gmail-_2iem\">Bot\u00edn Renata Marr\u00f3n<\/div>\n<\/div>\n<\/div>\n<\/div>\n","protected":false},"featured_media":35339,"comment_status":"closed","ping_status":"closed","template":"","meta":[],"product_cat":[166],"product_tag":[144,147,146,145,142],"class_list":{"0":"post-35458","1":"product","2":"type-product","3":"status-publish","4":"has-post-thumbnail","6":"product_cat-botines","7":"product_tag-bota-marron","8":"product_tag-botin-chelsea-mujer","9":"product_tag-botin-color-marron","10":"product_tag-marron","11":"product_tag-renata","13":"first","14":"instock","15":"shipping-taxable","16":"purchasable","17":"product-type-variable"},"jetpack_sharing_enabled":true,"_links":{"self":[{"href":"https:\/\/imperios.com.co\/index.php\/wp-json\/wp\/v2\/product\/35458","targetHints":{"allow":["GET"]}}],"collection":[{"href":"https:\/\/imperios.com.co\/index.php\/wp-json\/wp\/v2\/product"}],"about":[{"href":"https:\/\/imperios.com.co\/index.php\/wp-json\/wp\/v2\/types\/product"}],"replies":[{"embeddable":true,"href":"https:\/\/imperios.com.co\/index.php\/wp-json\/wp\/v2\/comments?post=35458"}],"version-history":[{"count":1,"href":"https:\/\/imperios.com.co\/index.php\/wp-json\/wp\/v2\/product\/35458\/revisions"}],"predecessor-version":[{"id":35466,"href":"https:\/\/imperios.com.co\/index.php\/wp-json\/wp\/v2\/product\/35458\/revisions\/35466"}],"wp:featuredmedia":[{"embeddable":true,"href":"https:\/\/imperios.com.co\/index.php\/wp-json\/wp\/v2\/media\/35339"}],"wp:attachment":[{"href":"https:\/\/imperios.com.co\/index.php\/wp-json\/wp\/v2\/media?parent=35458"}],"wp:term":[{"taxonomy":"product_cat","embeddable":true,"href":"https:\/\/imperios.com.co\/index.php\/wp-json\/wp\/v2\/product_cat?post=35458"},{"taxonomy":"product_tag","embeddable":true,"href":"https:\/\/imperios.com.co\/index.php\/wp-json\/wp\/v2\/product_tag?post=35458"}],"curies":[{"name":"wp","href":"https:\/\/api.w.org\/{rel}","templated":true}]}}