{"id":35877,"date":"2023-07-09T16:50:24","date_gmt":"2023-07-09T16:50:24","guid":{"rendered":"https:\/\/imperios.com.co\/?post_type=product&#038;p=35877"},"modified":"2024-10-29T15:44:53","modified_gmt":"2024-10-29T15:44:53","slug":"botin-camila-cafe","status":"publish","type":"product","link":"https:\/\/imperios.com.co\/index.php\/producto\/botin-camila-cafe\/","title":{"rendered":"Bot\u00edn Camila &#8211; Caf\u00e9"},"content":{"rendered":"<p>Bot\u00edn Camila &#8211; Caf\u00e9<\/p>\n","protected":false},"excerpt":{"rendered":"<div class=\"m_-8689084059839636012gmail-_50f7 m_-8689084059839636012gmail-_2iem\">\n<div class=\"m_-8689084059839636012gmail-_50f7 m_-8689084059839636012gmail-_2iem\">\n<div class=\"m_-8689084059839636012gmail-_50f7 m_-8689084059839636012gmail-_2iem\">\n<div class=\"m_-8689084059839636012gmail-_50f7 m_-8689084059839636012gmail-_2iem\">Bot\u00edn Camila &#8211; Caf\u00e9<\/div>\n<\/div>\n<\/div>\n<\/div>\n","protected":false},"featured_media":35887,"comment_status":"closed","ping_status":"closed","template":"","meta":[],"product_cat":[166],"product_tag":[150,151,148],"class_list":{"0":"post-35877","1":"product","2":"type-product","3":"status-publish","4":"has-post-thumbnail","6":"product_cat-botines","7":"product_tag-botin-suela-tractor","8":"product_tag-botin-tractor","9":"product_tag-nicolle","11":"first","12":"instock","13":"shipping-taxable","14":"purchasable","15":"product-type-variable"},"jetpack_sharing_enabled":true,"_links":{"self":[{"href":"https:\/\/imperios.com.co\/index.php\/wp-json\/wp\/v2\/product\/35877","targetHints":{"allow":["GET"]}}],"collection":[{"href":"https:\/\/imperios.com.co\/index.php\/wp-json\/wp\/v2\/product"}],"about":[{"href":"https:\/\/imperios.com.co\/index.php\/wp-json\/wp\/v2\/types\/product"}],"replies":[{"embeddable":true,"href":"https:\/\/imperios.com.co\/index.php\/wp-json\/wp\/v2\/comments?post=35877"}],"version-history":[{"count":1,"href":"https:\/\/imperios.com.co\/index.php\/wp-json\/wp\/v2\/product\/35877\/revisions"}],"predecessor-version":[{"id":35896,"href":"https:\/\/imperios.com.co\/index.php\/wp-json\/wp\/v2\/product\/35877\/revisions\/35896"}],"wp:featuredmedia":[{"embeddable":true,"href":"https:\/\/imperios.com.co\/index.php\/wp-json\/wp\/v2\/media\/35887"}],"wp:attachment":[{"href":"https:\/\/imperios.com.co\/index.php\/wp-json\/wp\/v2\/media?parent=35877"}],"wp:term":[{"taxonomy":"product_cat","embeddable":true,"href":"https:\/\/imperios.com.co\/index.php\/wp-json\/wp\/v2\/product_cat?post=35877"},{"taxonomy":"product_tag","embeddable":true,"href":"https:\/\/imperios.com.co\/index.php\/wp-json\/wp\/v2\/product_tag?post=35877"}],"curies":[{"name":"wp","href":"https:\/\/api.w.org\/{rel}","templated":true}]}}