{"id":38058,"date":"2025-05-06T19:56:23","date_gmt":"2025-05-06T19:56:23","guid":{"rendered":"https:\/\/imperios.com.co\/?post_type=product&#038;p=38058"},"modified":"2025-05-06T19:57:40","modified_gmt":"2025-05-06T19:57:40","slug":"botas-outdoor-mujer-sky-negro-ch230","status":"publish","type":"product","link":"https:\/\/imperios.com.co\/index.php\/producto\/botas-outdoor-mujer-sky-negro-ch230\/","title":{"rendered":"BOTAS OUTDOOR MUJER &#8211; SKY &#8211; Negro CH230"},"content":{"rendered":"<p>Bota Sky, ca\u00f1a arriba del tobillo, lona hurac\u00e1n impermeable, apliques en cuero, refuerzo en el tal\u00f3n, cordoneras de seguridad \u00a0en TPU, \u00a0 plantilla\u00a0de silic\u00f3n, suela en caucho.<\/p>\n<p>&nbsp;<\/p>\n<p>Material Refuerzo: Puntera y Tal\u00f3n de Fibra<\/p>\n<p>Material Suela: Caucho<\/p>\n<p>Material Cordoneras: TPU<\/p>\n<p>Material Interno: Forro Textil<\/p>\n","protected":false},"excerpt":{"rendered":"<p>Bota Sky, ca\u00f1a arriba del tobillo, lona hurac\u00e1n impermeable, apliques en cuero, refuerzo en el tal\u00f3n, cordoneras de seguridad \u00a0en TPU, \u00a0 plantilla\u00a0de silic\u00f3n, suela en caucho. &nbsp; Material Refuerzo: Puntera y Tal\u00f3n de Fibra Material Suela: Caucho Material Cordoneras: TPU Material Interno: Forro Textil<\/p>\n","protected":false},"featured_media":38110,"comment_status":"open","ping_status":"closed","template":"","meta":[],"product_cat":[192,197,198],"product_tag":[194],"class_list":{"0":"post-38058","1":"product","2":"type-product","3":"status-publish","4":"has-post-thumbnail","6":"product_cat-botines-outdoor","7":"product_cat-promos","8":"product_cat-sky","9":"product_tag-outdoor","11":"first","12":"instock","13":"sale","14":"shipping-taxable","15":"purchasable","16":"product-type-variable"},"jetpack_sharing_enabled":true,"_links":{"self":[{"href":"https:\/\/imperios.com.co\/index.php\/wp-json\/wp\/v2\/product\/38058","targetHints":{"allow":["GET"]}}],"collection":[{"href":"https:\/\/imperios.com.co\/index.php\/wp-json\/wp\/v2\/product"}],"about":[{"href":"https:\/\/imperios.com.co\/index.php\/wp-json\/wp\/v2\/types\/product"}],"replies":[{"embeddable":true,"href":"https:\/\/imperios.com.co\/index.php\/wp-json\/wp\/v2\/comments?post=38058"}],"version-history":[{"count":1,"href":"https:\/\/imperios.com.co\/index.php\/wp-json\/wp\/v2\/product\/38058\/revisions"}],"predecessor-version":[{"id":38111,"href":"https:\/\/imperios.com.co\/index.php\/wp-json\/wp\/v2\/product\/38058\/revisions\/38111"}],"wp:featuredmedia":[{"embeddable":true,"href":"https:\/\/imperios.com.co\/index.php\/wp-json\/wp\/v2\/media\/38110"}],"wp:attachment":[{"href":"https:\/\/imperios.com.co\/index.php\/wp-json\/wp\/v2\/media?parent=38058"}],"wp:term":[{"taxonomy":"product_cat","embeddable":true,"href":"https:\/\/imperios.com.co\/index.php\/wp-json\/wp\/v2\/product_cat?post=38058"},{"taxonomy":"product_tag","embeddable":true,"href":"https:\/\/imperios.com.co\/index.php\/wp-json\/wp\/v2\/product_tag?post=38058"}],"curies":[{"name":"wp","href":"https:\/\/api.w.org\/{rel}","templated":true}]}}